{"id":141,"date":"2012-08-01T00:25:33","date_gmt":"2012-08-01T06:25:33","guid":{"rendered":"http:\/\/www.etrix.com.mx\/Main\/?page_id=141"},"modified":"2021-02-23T13:53:00","modified_gmt":"2021-02-23T19:53:00","slug":"como-variar-el-brillo-en-los-leds","status":"publish","type":"page","link":"https:\/\/www.etrix.com.mx\/Main\/tips\/de-diseno\/como-variar-el-brillo-en-los-leds\/","title":{"rendered":"Como Variar el Brillo en los LEDS"},"content":{"rendered":"<p>Ahora que se est\u00e1n poniendo de moda los Leds, y todo mundo tiene acceso a ellos, vamos a ayudar a los dise\u00f1adores que reci\u00e9n inician y a los hobbystas, con algunos tips de dise\u00f1o. En este TIP, vamos a explicar una forma sencilla [porque de hecho hay otras mas complejas] de poder cambiar el brillo de los leds, en un arreglo en el cual se encuentran en serie.<\/p>\n<p>Podr\u00edamos decir que b\u00e1sicamente podemos modificar el brillo de los leds de dos formas distintas en cuando a su brillo se refiere:<\/p>\n<ul>\n<li><span style=\"text-decoration: underline;\">De forma cont\u00ednua:<\/span><\/li>\n<\/ul>\n<p>En este caso se refiere a que podremos variar el brillo por ejemplo con un potenci\u00f3metro de ajuste, y dejar el brillo del led en donde mas nos guste.<\/p>\n<ul>\n<li style=\"text-align: justify;\"><span style=\"text-decoration: underline;\">De forma discreta:<\/span><\/li>\n<\/ul>\n<p><span style=\"font-size: small;\"><span style=\"line-height: 24px;\">En este caso tendremos dos o mas brillos \u00abfijos\u00bb o perfectamente definidos<\/span><\/span><\/p>\n<p>Podemos ejemplificar este m\u00e9todo apoy\u00e1ndonos en la <span style=\"text-decoration: underline;\">Fig 1<\/span><\/p>\n<p><a href=\"http:\/\/www.etrix.com.mx\/Main\/wp-content\/uploads\/2012\/05\/Mas-Brillo-en-LEDS.png\"><img loading=\"lazy\" decoding=\"async\" class=\"alignleft wp-image-148\" title=\"Mas Brillo en LEDS\" src=\"http:\/\/www.etrix.com.mx\/Main\/wp-content\/uploads\/2012\/05\/Mas-Brillo-en-LEDS.png\" alt=\"Una forma f\u00e1cil de cambiar el brillo en los leds\" width=\"334\" height=\"436\" srcset=\"https:\/\/www.etrix.com.mx\/Main\/wp-content\/uploads\/2012\/05\/Mas-Brillo-en-LEDS.png 695w, https:\/\/www.etrix.com.mx\/Main\/wp-content\/uploads\/2012\/05\/Mas-Brillo-en-LEDS-229x300.png 229w\" sizes=\"(max-width: 334px) 100vw, 334px\" \/><\/a><\/p>\n<p>Para el ejemplo, hemos utilizado 3 leds (D1, D2 y D3) en serie, con una resistencia limitadora de corriente que llamaremos R1. Nuestra alimentaci\u00f3n ser\u00e1 de 12 VDC o corriente directa (corriente cont\u00ednua).<\/p>\n<p><em><strong><span style=\"text-decoration: underline;\"><span style=\"color: #a02b78; text-decoration: underline;\">Secci\u00f3n de F\u00f3rmulas:<\/span><\/span><\/strong><\/em><\/p>\n<p><strong><em>C\u00e1lculo de R1:<\/em><\/strong> Esta resistencia se calcular\u00e1 para obtener el menor brillo de los Leds. Supongamos que queremos tener un corriente m\u00ednima de 5 mA, que llamaremos <strong><span style=\"color: #0000ff;\">iLeds<\/span><\/strong>. La f\u00f3rmula correspondiente para obtener R1 es:<\/p>\n<p><a href=\"http:\/\/www.etrix.com.mx\/Main\/wp-content\/uploads\/2012\/08\/F\u00f3rmula1.png\"><img loading=\"lazy\" decoding=\"async\" class=\"alignleft size-full wp-image-183\" title=\"F\u00f3rmula1\" src=\"http:\/\/www.etrix.com.mx\/Main\/wp-content\/uploads\/2012\/08\/F\u00f3rmula1.png\" alt=\"\" width=\"236\" height=\"66\" \/><\/a><\/p>\n<p>&nbsp;<\/p>\n<p>&nbsp;<\/p>\n<p>en donde : Vdc=12V ; VD1=VD2=VD3=1.91 V ; ileds=0.005 A<\/p>\n<p>Por lo tanto &gt;&gt;&gt;<span style=\"color: #0000ff;\"><strong> R1<\/strong><\/span>=(12-1.91*3)\/0.005= <span style=\"color: #3366ff;\"><strong>1254\u00a0\u03a9<\/strong><\/span><\/p>\n<p>Como no es un valor comercial com\u00fan dentro del rango de valores de resistencias est\u00e1ndar al 5%, debemos elegir entre los valores cercanos por arriba y por debajo,es decir : 1200 \u03a9\u00a0\u00f3 1500\u00a0\u03a9. Eligiremos\u00a0<strong>1500\u00a0\u03a9<\/strong> . A ra\u00edz de esto, disminuir\u00e1 un poco la corriente.<\/p>\n<p>Para este caso, se tom\u00f3 en cuenta que el <span style=\"color: #0000ff;\"><strong>interruptor S1<\/strong><\/span>, est\u00e1 abierto, por lo cual el transistor est\u00e1 al corte (o abierto, es decir no conduce corriente) , por lo cual la corriente iLeds pasar\u00e1 solamente por <span style=\"color: #0000ff;\"><strong>R1<\/strong><\/span><\/p>\n<p>Podr\u00edamos recalcular la corriente iLeds mediante un despeje en la f\u00f3rmula por lo cual nos quedar\u00eda as\u00ed:<\/p>\n<p><a style=\"color: #ff4b33; line-height: 24px;\" href=\"http:\/\/www.etrix.com.mx\/Main\/wp-content\/uploads\/2012\/08\/F\u00f3rmula2.png\"><img loading=\"lazy\" decoding=\"async\" class=\"alignleft size-full wp-image-184\" title=\"F\u00f3rmula2\" src=\"http:\/\/www.etrix.com.mx\/Main\/wp-content\/uploads\/2012\/08\/F\u00f3rmula2.png\" alt=\"\" width=\"265\" height=\"66\" \/><\/a><\/p>\n<p>&nbsp;<\/p>\n<p>Por lo tanto &gt;&gt;&gt;<strong>\u00a0<span style=\"color: #0000ff;\">iLeds<\/span><\/strong>=(12-1.91*3)\/<strong>1500<\/strong>\u00a0<strong>\u03a9<\/strong>= <strong>4.18 mA\u00a0<\/strong><\/p>\n<p>Ahora tomaremos como valor de referencia que los Leds <span style=\"color: #0000ff;\"><strong>D1, D2, y D3<\/strong><\/span>, son id\u00e9nticos, y que soportan un corriente m\u00e1xima permanente de 20 mA. Entonces si queremos hacer brillar al m\u00e1ximo los leds al cerrar el interruptor <strong>S1, <\/strong>es necesario que la corriente iLeds aumente a ese valor, es decir, a 20 mA.<\/p>\n<p>Esto se logra mediante el circuito propuesto, dado que al cerrar el interruptor <strong>S1<\/strong> aplicamos una tensi\u00f3n positiva a la base del transistor mediante el divisor resistivo, <strong>R3 # R4. Esto hace que el transitor conduzca, y est\u00e9 en su zona de saturaci\u00f3n. <\/strong>Esto a su vez, hace que la resistencia <strong>R2,<\/strong> quede conectada a <strong>tierra o GND<\/strong>, por lo cual, despreciando la resistencia interna del transistor en modo saturaci\u00f3n, y despreciando tambi\u00e9n la ca\u00edda de tensi\u00f3n en el transistor, que lo por lo general es muy baja, (del orden de los mV), entonces podemos decir que las resistencias , <strong>R1 y R2<\/strong> quedan en paralelo al estar cerrado el interruptor<strong> S1.<\/strong><\/p>\n<p>Llamaremos <strong>R1#2<\/strong> al parelelo de las resistencias <strong>R1 y R2<\/strong>, caso en el cual el interruptor S1 est\u00e1 cerrado, como ya mencionamos.<\/p>\n<p>En este caso la corriente <strong>iLeds<\/strong>, ahora se dividir\u00e1 en dos ramas, o mallas, que llamaremos <strong>iR1 e iR2. <\/strong>Por lo tanto<strong> iLeds= iR1+iR2<\/strong><\/p>\n<p>Como nuestro inter\u00e9s ahora es calcular <strong>R2<\/strong>, para que <strong>iLeds<\/strong> tome un valor de <strong>20 mA<\/strong> al cerrar el interruptor, partiremos de la siguiente f\u00f3rmula, que nos da el valor de estas resistencias en paralelo.<\/p>\n<p><a style=\"color: #ff4b33; line-height: 24px;\" href=\"http:\/\/www.etrix.com.mx\/Main\/wp-content\/uploads\/2012\/08\/F\u00f3rmula3.png\"><img loading=\"lazy\" decoding=\"async\" class=\"alignleft size-full wp-image-186\" title=\"F\u00f3rmula3\" src=\"http:\/\/www.etrix.com.mx\/Main\/wp-content\/uploads\/2012\/08\/F\u00f3rmula3.png\" alt=\"\" width=\"225\" height=\"89\" \/><\/a><\/p>\n<p>&nbsp;<\/p>\n<p>&nbsp;<\/p>\n<p>&nbsp;<\/p>\n<p>Despejando el valor de <strong>R2, <\/strong>nos quedar\u00eda as\u00ed :<\/p>\n<p><img loading=\"lazy\" decoding=\"async\" class=\"alignleft size-full wp-image-188\" title=\"F\u00f3rmula4\" src=\"http:\/\/www.etrix.com.mx\/Main\/wp-content\/uploads\/2012\/08\/F\u00f3rmula4.png\" alt=\"\" width=\"225\" height=\"89\" \/><\/p>\n<p>&nbsp;<\/p>\n<p>En esta f\u00f3rmula no conocemos a\u00fan el valor del paralelo <strong>R1#2\u00a0<\/strong>, pero podemos obtenerla de la siguiente f\u00f3mula, puesto que queremos ahora obtener una <strong>iLeds = 20 mA<\/strong><\/p>\n<p>Entonces ahora <strong>iLeds<\/strong> ser\u00e1:<\/p>\n<p><a href=\"http:\/\/www.etrix.com.mx\/Main\/wp-content\/uploads\/2012\/08\/F\u00f3rmula5.png\"><img loading=\"lazy\" decoding=\"async\" class=\"alignleft size-full wp-image-190\" title=\"F\u00f3rmula5\" src=\"http:\/\/www.etrix.com.mx\/Main\/wp-content\/uploads\/2012\/08\/F\u00f3rmula5.png\" alt=\"\" width=\"265\" height=\"65\" \/><\/a><\/p>\n<p>&nbsp;<\/p>\n<p>&nbsp;<\/p>\n<p>por lo cual el paralelo R1#2 es:<\/p>\n<p><img loading=\"lazy\" decoding=\"async\" class=\"alignleft size-full wp-image-191\" title=\"F\u00f3rmula6\" src=\"http:\/\/www.etrix.com.mx\/Main\/wp-content\/uploads\/2012\/08\/F\u00f3rmula6.png\" alt=\"\" width=\"264\" height=\"65\" \/><\/p>\n<p>&nbsp;<\/p>\n<p>y reemplazando valores, obtenemos :<\/p>\n<p><strong>R1#2=<\/strong> (12-1.91*3)\/0.020 = <strong>313.5\u00a0\u03a9<\/strong><\/p>\n<p>ahora insertando este valor en la f\u00f3rmula de R2, tenemos:<\/p>\n<p><strong>R2=<\/strong>1 \/ [ (1\/<strong>313.5<\/strong>)- (1\/1500) ] = <strong>396.33\u00a0\u03a9<\/strong><\/p>\n<p>El valor comercial mas pr\u00f3ximo, en resistencias\u00a0est\u00e1ndar\u00a0al 5% de tolerancia, es de <strong>390<\/strong>\u00a0<strong>\u03a9<\/strong><\/p>\n<p>Conclusi\u00f3n el valor de R2 es : <strong>R2=<\/strong>\u00a0<strong>390<\/strong>\u00a0<strong>\u03a9<\/strong><\/p>\n<p>Hemos as\u00ed resuelto el problema.<\/p>\n<p>Ahora como \u00faltimo TIP, si reemplaz\u00e1ramos el transistor <strong>Q1<\/strong> por un fototransistor adecuado, y quitando adem\u00e1s las resistencias de polarizaci\u00f3n <strong>R3 y R4,\u00a0<\/strong>obtendremos un circuito que variar\u00eda el brillo de los leds en funci\u00f3n de la luz ambiente.<\/p>\n<p>Este m\u00e9todo sencillo, es el que empleamos en nuestro producto de <a href=\"http:\/\/www.etrix.com.mx\/Main\/productos\/direccionales-leds-para-automoviles\" target=\"_blank\" rel=\"noopener\"><em><strong>Direccionales Leds<\/strong><\/em><\/a> para Autom\u00f3viles<\/p>\n<p>Si este art\u00edculo te pareci\u00f3 interesante y \u00fatil, te agredezco lo \u00a0compartas en tus redes \u00a0sociales.<\/p>\n<p>Saludos !!!<\/p>\n<p><em><strong>Si eres amante de la electr\u00f3nica, y quieres aprender m\u00e1s, te sugerimos nos contestes esta breve encuesta, para saber tus necesidades. Muchas gracias nuevamente. !!!<\/strong><\/em><br \/>\n<script>\/\/ < ![CDATA[\n\/\/ < ![CDATA[ \u00a0 (function(i,s,o,g,r,a,m){i['GoogleAnalyticsObject']=r;i[r]=i[r]||function(){ \u00a0 (i[r].q=i[r].q||[]).push(arguments)},i[r].l=1*new Date();a=s.createElement(o), \u00a0 m=s.getElementsByTagName(o)[0];a.async=1;a.src=g;m.parentNode.insertBefore(a,m) \u00a0 })(window,document,'script','\/\/www.google-analytics.com\/analytics.js','ga'); \u00a0 ga('create', 'UA-44688142-1', 'etrix.com.mx'); \u00a0 ga('send', 'pageview');\n\/\/ ]]><\/script><\/p>\n<p><script src=\"\/\/surviocdn.com\/s1\/static\/survey\/js\/easyXDM-2.4.16.3\/easyXDM.min.js\"><\/script><\/p>\n<div id=\"survey-ec33bc56\" style=\"height: 600px; padding: 0; margin: 0;\"><\/div>\n<p><iframe loading=\"lazy\" id=\"survey-prev-ec33bc56\" style=\"width: 100%; height: 30px;\" src=\"https:\/\/www.survio.com\/survey\/i\/V3F6A9W3B9D3O2A7Z?shim=1\" width=\"300\" height=\"150\" frameborder=\"0\"><\/iframe><noscript><iframe src=\"https:\/\/www.survio.com\/survey\/i\/V3F6A9W3B9D3O2A7Z\" style=\"width:100%; height:600px; margin-top:-35px;\" frameborder=\"0\"><\/iframe><\/noscript><script type=\"text\/javascript\">\/\/ < ![CDATA[\nnew easyXDM.Socket({remote: \"https:\/\/www.survio.com\/survey\/i\/V3F6A9W3B9D3O2A7Z?embed=1\", container:document.getElementById(\"survey-ec33bc56\"), swf:'\/\/surviocdn.com\/s1\/static\/survey\/js\/easyXDM-2.4.16.3\/easyxdm.swf', onReady:  function(){ var shim = document.getElementById(\"survey-prev-ec33bc56\"); shim.parentNode.removeChild(shim); this.container.getElementsByTagName(\"iframe\")[0].style.width=\"100%\"}, onMessage: function(message, origin){var h=message+\"px\";this.container.style.height=h;this.container.getElementsByTagName(\"iframe\")[0].style.height=h; }});\n\/\/ ]]><\/script><\/p>\n","protected":false},"excerpt":{"rendered":"<p>Ahora que se est\u00e1n poniendo de moda los Leds, y todo mundo tiene acceso a ellos, vamos a ayudar a los dise\u00f1adores que reci\u00e9n inician y a los hobbystas, con algunos tips de dise\u00f1o. En este TIP, vamos a explicar una forma sencilla [porque de hecho hay otras mas complejas] de poder cambiar el brillo [&hellip;]<\/p>\n","protected":false},"author":2,"featured_media":0,"parent":138,"menu_order":1,"comment_status":"closed","ping_status":"closed","template":"","meta":{"footnotes":""},"yoast_head":"<!-- This site is optimized with the Yoast SEO plugin v21.9.1 - https:\/\/yoast.com\/wordpress\/plugins\/seo\/ -->\n<title>Como Variar el Brillo en los LEDS - Etrix - Electronics Design<\/title>\n<meta name=\"robots\" content=\"index, follow, max-snippet:-1, max-image-preview:large, max-video-preview:-1\" \/>\n<link rel=\"canonical\" href=\"https:\/\/www.etrix.com.mx\/Main\/tips\/de-diseno\/como-variar-el-brillo-en-los-leds\/\" \/>\n<meta property=\"og:locale\" content=\"es_ES\" \/>\n<meta property=\"og:type\" content=\"article\" \/>\n<meta property=\"og:title\" content=\"Como Variar el Brillo en los LEDS - Etrix - Electronics Design\" \/>\n<meta property=\"og:description\" content=\"Ahora que se est\u00e1n poniendo de moda los Leds, y todo mundo tiene acceso a ellos, vamos a ayudar a los dise\u00f1adores que reci\u00e9n inician y a los hobbystas, con algunos tips de dise\u00f1o. En este TIP, vamos a explicar una forma sencilla [porque de hecho hay otras mas complejas] de poder cambiar el brillo [&hellip;]\" \/>\n<meta property=\"og:url\" content=\"https:\/\/www.etrix.com.mx\/Main\/tips\/de-diseno\/como-variar-el-brillo-en-los-leds\/\" \/>\n<meta property=\"og:site_name\" content=\"Etrix - Electronics Design\" \/>\n<meta property=\"article:modified_time\" content=\"2021-02-23T19:53:00+00:00\" \/>\n<meta property=\"og:image\" content=\"http:\/\/www.etrix.com.mx\/Main\/wp-content\/uploads\/2012\/05\/Mas-Brillo-en-LEDS.png\" \/>\n<meta name=\"twitter:card\" content=\"summary_large_image\" \/>\n<meta name=\"twitter:label1\" content=\"Tiempo de lectura\" \/>\n\t<meta name=\"twitter:data1\" content=\"4 minutos\" \/>\n<script type=\"application\/ld+json\" class=\"yoast-schema-graph\">{\"@context\":\"https:\/\/schema.org\",\"@graph\":[{\"@type\":\"WebPage\",\"@id\":\"https:\/\/www.etrix.com.mx\/Main\/tips\/de-diseno\/como-variar-el-brillo-en-los-leds\/\",\"url\":\"https:\/\/www.etrix.com.mx\/Main\/tips\/de-diseno\/como-variar-el-brillo-en-los-leds\/\",\"name\":\"Como Variar el Brillo en los LEDS - Etrix - Electronics Design\",\"isPartOf\":{\"@id\":\"https:\/\/www.etrix.com.mx\/Main\/#website\"},\"datePublished\":\"2012-08-01T06:25:33+00:00\",\"dateModified\":\"2021-02-23T19:53:00+00:00\",\"breadcrumb\":{\"@id\":\"https:\/\/www.etrix.com.mx\/Main\/tips\/de-diseno\/como-variar-el-brillo-en-los-leds\/#breadcrumb\"},\"inLanguage\":\"es\",\"potentialAction\":[{\"@type\":\"ReadAction\",\"target\":[\"https:\/\/www.etrix.com.mx\/Main\/tips\/de-diseno\/como-variar-el-brillo-en-los-leds\/\"]}]},{\"@type\":\"BreadcrumbList\",\"@id\":\"https:\/\/www.etrix.com.mx\/Main\/tips\/de-diseno\/como-variar-el-brillo-en-los-leds\/#breadcrumb\",\"itemListElement\":[{\"@type\":\"ListItem\",\"position\":1,\"name\":\"Portada\",\"item\":\"https:\/\/www.etrix.com.mx\/Main\/\"},{\"@type\":\"ListItem\",\"position\":2,\"name\":\"Tips\",\"item\":\"https:\/\/www.etrix.com.mx\/Main\/tips\/\"},{\"@type\":\"ListItem\",\"position\":3,\"name\":\"De Dise\u00f1o\",\"item\":\"https:\/\/www.etrix.com.mx\/Main\/tips\/de-diseno\/\"},{\"@type\":\"ListItem\",\"position\":4,\"name\":\"Como Variar el Brillo en los LEDS\"}]},{\"@type\":\"WebSite\",\"@id\":\"https:\/\/www.etrix.com.mx\/Main\/#website\",\"url\":\"https:\/\/www.etrix.com.mx\/Main\/\",\"name\":\"Etrix - Electronics Design\",\"description\":\"Soluciones en Tecnolog\u00eda Electr\u00f3nica\",\"potentialAction\":[{\"@type\":\"SearchAction\",\"target\":{\"@type\":\"EntryPoint\",\"urlTemplate\":\"https:\/\/www.etrix.com.mx\/Main\/?s={search_term_string}\"},\"query-input\":\"required name=search_term_string\"}],\"inLanguage\":\"es\"}]}<\/script>\n<!-- \/ Yoast SEO plugin. -->","yoast_head_json":{"title":"Como Variar el Brillo en los LEDS - Etrix - Electronics Design","robots":{"index":"index","follow":"follow","max-snippet":"max-snippet:-1","max-image-preview":"max-image-preview:large","max-video-preview":"max-video-preview:-1"},"canonical":"https:\/\/www.etrix.com.mx\/Main\/tips\/de-diseno\/como-variar-el-brillo-en-los-leds\/","og_locale":"es_ES","og_type":"article","og_title":"Como Variar el Brillo en los LEDS - Etrix - Electronics Design","og_description":"Ahora que se est\u00e1n poniendo de moda los Leds, y todo mundo tiene acceso a ellos, vamos a ayudar a los dise\u00f1adores que reci\u00e9n inician y a los hobbystas, con algunos tips de dise\u00f1o. En este TIP, vamos a explicar una forma sencilla [porque de hecho hay otras mas complejas] de poder cambiar el brillo [&hellip;]","og_url":"https:\/\/www.etrix.com.mx\/Main\/tips\/de-diseno\/como-variar-el-brillo-en-los-leds\/","og_site_name":"Etrix - Electronics Design","article_modified_time":"2021-02-23T19:53:00+00:00","og_image":[{"url":"http:\/\/www.etrix.com.mx\/Main\/wp-content\/uploads\/2012\/05\/Mas-Brillo-en-LEDS.png"}],"twitter_card":"summary_large_image","twitter_misc":{"Tiempo de lectura":"4 minutos"},"schema":{"@context":"https:\/\/schema.org","@graph":[{"@type":"WebPage","@id":"https:\/\/www.etrix.com.mx\/Main\/tips\/de-diseno\/como-variar-el-brillo-en-los-leds\/","url":"https:\/\/www.etrix.com.mx\/Main\/tips\/de-diseno\/como-variar-el-brillo-en-los-leds\/","name":"Como Variar el Brillo en los LEDS - Etrix - Electronics Design","isPartOf":{"@id":"https:\/\/www.etrix.com.mx\/Main\/#website"},"datePublished":"2012-08-01T06:25:33+00:00","dateModified":"2021-02-23T19:53:00+00:00","breadcrumb":{"@id":"https:\/\/www.etrix.com.mx\/Main\/tips\/de-diseno\/como-variar-el-brillo-en-los-leds\/#breadcrumb"},"inLanguage":"es","potentialAction":[{"@type":"ReadAction","target":["https:\/\/www.etrix.com.mx\/Main\/tips\/de-diseno\/como-variar-el-brillo-en-los-leds\/"]}]},{"@type":"BreadcrumbList","@id":"https:\/\/www.etrix.com.mx\/Main\/tips\/de-diseno\/como-variar-el-brillo-en-los-leds\/#breadcrumb","itemListElement":[{"@type":"ListItem","position":1,"name":"Portada","item":"https:\/\/www.etrix.com.mx\/Main\/"},{"@type":"ListItem","position":2,"name":"Tips","item":"https:\/\/www.etrix.com.mx\/Main\/tips\/"},{"@type":"ListItem","position":3,"name":"De Dise\u00f1o","item":"https:\/\/www.etrix.com.mx\/Main\/tips\/de-diseno\/"},{"@type":"ListItem","position":4,"name":"Como Variar el Brillo en los LEDS"}]},{"@type":"WebSite","@id":"https:\/\/www.etrix.com.mx\/Main\/#website","url":"https:\/\/www.etrix.com.mx\/Main\/","name":"Etrix - Electronics Design","description":"Soluciones en Tecnolog\u00eda Electr\u00f3nica","potentialAction":[{"@type":"SearchAction","target":{"@type":"EntryPoint","urlTemplate":"https:\/\/www.etrix.com.mx\/Main\/?s={search_term_string}"},"query-input":"required name=search_term_string"}],"inLanguage":"es"}]}},"_links":{"self":[{"href":"https:\/\/www.etrix.com.mx\/Main\/wp-json\/wp\/v2\/pages\/141"}],"collection":[{"href":"https:\/\/www.etrix.com.mx\/Main\/wp-json\/wp\/v2\/pages"}],"about":[{"href":"https:\/\/www.etrix.com.mx\/Main\/wp-json\/wp\/v2\/types\/page"}],"author":[{"embeddable":true,"href":"https:\/\/www.etrix.com.mx\/Main\/wp-json\/wp\/v2\/users\/2"}],"replies":[{"embeddable":true,"href":"https:\/\/www.etrix.com.mx\/Main\/wp-json\/wp\/v2\/comments?post=141"}],"version-history":[{"count":39,"href":"https:\/\/www.etrix.com.mx\/Main\/wp-json\/wp\/v2\/pages\/141\/revisions"}],"predecessor-version":[{"id":682,"href":"https:\/\/www.etrix.com.mx\/Main\/wp-json\/wp\/v2\/pages\/141\/revisions\/682"}],"up":[{"embeddable":true,"href":"https:\/\/www.etrix.com.mx\/Main\/wp-json\/wp\/v2\/pages\/138"}],"wp:attachment":[{"href":"https:\/\/www.etrix.com.mx\/Main\/wp-json\/wp\/v2\/media?parent=141"}],"curies":[{"name":"wp","href":"https:\/\/api.w.org\/{rel}","templated":true}]}}