{"id":199,"date":"2012-08-05T02:05:52","date_gmt":"2012-08-05T08:05:52","guid":{"rendered":"http:\/\/www.etrix.com.mx\/Main\/?page_id=199"},"modified":"2021-02-23T16:17:56","modified_gmt":"2021-02-23T22:17:56","slug":"direccionales-leds-para-automoviles","status":"publish","type":"page","link":"https:\/\/www.etrix.com.mx\/Main\/productos\/direccionales-leds-para-automoviles\/","title":{"rendered":"Direccionales LEDs para autom\u00f3viles"},"content":{"rendered":"<p>&nbsp;<\/p>\n<div id=\"attachment_307\" style=\"width: 530px\" class=\"wp-caption alignleft\"><img loading=\"lazy\" decoding=\"async\" aria-describedby=\"caption-attachment-307\" class=\" wp-image-307 \" title=\"Direccionales Leds\" src=\"http:\/\/www.etrix.com.mx\/Main\/wp-content\/uploads\/2012\/08\/S3021753-650x1024.jpg\" alt=\"\" width=\"520\" height=\"819\" srcset=\"https:\/\/www.etrix.com.mx\/Main\/wp-content\/uploads\/2012\/08\/S3021753-650x1024.jpg 650w, https:\/\/www.etrix.com.mx\/Main\/wp-content\/uploads\/2012\/08\/S3021753-190x300.jpg 190w, https:\/\/www.etrix.com.mx\/Main\/wp-content\/uploads\/2012\/08\/S3021753.jpg 1129w\" sizes=\"(max-width: 520px) 100vw, 520px\" \/><p id=\"caption-attachment-307\" class=\"wp-caption-text\">Direccionales Leds con AutoBrillo Inteligente<\/p><\/div>\n<p><img loading=\"lazy\" decoding=\"async\" class=\"size-medium wp-image-297\" title=\"Direccionales Leds\" src=\"http:\/\/www.etrix.com.mx\/Main\/wp-content\/uploads\/2012\/08\/S3021703-300x225.jpg\" alt=\"\" width=\"300\" height=\"225\" srcset=\"https:\/\/www.etrix.com.mx\/Main\/wp-content\/uploads\/2012\/08\/S3021703-300x225.jpg 300w, https:\/\/www.etrix.com.mx\/Main\/wp-content\/uploads\/2012\/08\/S3021703-1024x768.jpg 1024w, https:\/\/www.etrix.com.mx\/Main\/wp-content\/uploads\/2012\/08\/S3021703.jpg 2048w\" sizes=\"(max-width: 300px) 100vw, 300px\" \/><\/p>\n<p style=\"text-align: justify;\">El dispositivo de Direccionales LED es un dise\u00f1o Mexicano, Hecho en M\u00e9xico. Fue concebido para ser\u00a0 instalado en los espejos retrovisores laterales de los autos. En General, sus dimensiones se adaptan a la mayor\u00eda de los veh\u00edculos, camionetas, camiones\u00a0 y tracto-camiones.<\/p>\n<p style=\"text-align: justify;\" align=\"center\"><strong><span style=\"text-decoration: underline;\">Caracter\u00edsticas El\u00e9ctricas<\/span><\/strong><\/p>\n<p style=\"text-align: justify;\"><strong><span style=\"text-decoration: underline;\">Rango \u00a0de Alimentaci\u00f3n:<\/span><\/strong><strong>\u00a0 <\/strong>12 VCC a 13.8 VCC<\/p>\n<p style=\"text-align: justify;\"><strong><span style=\"text-decoration: underline;\">Consumo M\u00ednimo:<\/span><\/strong> 5 mA\u00a0\u00a0 <strong><span style=\"text-decoration: underline;\">Consumo M\u00e1ximo:<\/span><\/strong> 40 mA<\/p>\n<p style=\"text-align: justify;\"><strong><span style=\"text-decoration: underline;\">Polaridad:<\/span><\/strong> Observar que el cable POT color blanco, al pelar el pl\u00e1stico, posee un conductor de color cobre, y el otro color esta\u00f1o. El de color cobre, se debe conectar \u00a0a positivo de 12VCC. En caso de conectarse en forma inversa, el dispositivo no encender\u00e1, pero no se da\u00f1ar\u00e1.<\/p>\n<p style=\"text-align: justify;\">El Dispositivo tiene que ser instalado por un electricista automotriz, o en su defecto por el mismo usuario que posea conocimientos de electricidad automotriz. Debe de ir conectado en paralelo con las direccionales convencionales que traen todos los veh\u00edculos de f\u00e1brica.<\/p>\n<p style=\"text-align: justify;\"><strong><span style=\"text-decoration: underline;\">Ventajas de este dispositivo:<\/span><\/strong><\/p>\n<ul style=\"text-align: justify;\">\n<li>Vida \u00fatil de los LEDS, superior a 20,000 hs. Muy superior a los focos tradicionales.<\/li>\n<li>Sensor para AutoBrillo. Se aten\u00faa de noche para no encandilar al conductor, y brilla al m\u00e1ximo a la luz del sol, para que se vea incluso durante el d\u00eda.<\/li>\n<li>Encapsulado en acr\u00edlico de alta calidad, resistente a la intemperie.<\/li>\n<li>El conductor del veh\u00edculo de atr\u00e1s, tendr\u00e1 mayor visibilidad de tus movimientos, tanto con las direccionales, como con las intermitentes.<\/li>\n<li>Dar un toque Deportivo o de Lujo a tu auto !!!<\/li>\n<\/ul>\n<p style=\"text-align: justify;\"><strong><span style=\"text-decoration: underline;\">Instalaci\u00f3n: <\/span><\/strong><\/p>\n<ul style=\"text-align: justify;\">\n<li>Desmontar el espejo, y el panel interior de la puerta.<\/li>\n<li>Pasar el cable por los ductos necesarios.<\/li>\n<li>Limpiar el espejo de grasa y polvo en la zona deseada para pegarlo.<\/li>\n<li>Aplicar silic\u00f3n fr\u00edo, en peque\u00f1a cantidad en la base de las direccionales.<\/li>\n<li>Aplicar sobre el espejo las direccionales, en la posici\u00f3n desea y sostener con cinta durex o de aislar.<\/li>\n<li>Pasar el cable por detr\u00e1s del espejo.\u00a0En lo posible, hacer que los cables vayan con su salida hacia abajo.<\/li>\n<li>Montar el espejo nuevamente en su lugar.<\/li>\n<li>Concluir la instalaci\u00f3n el\u00e9ctrica.<\/li>\n<li>Montar nuevamente el panel de la puerta.<\/li>\n<li>Dejar Fraguar el silic\u00f3n fr\u00edo 24 hs y retirar las cintas de sujeci\u00f3n.<\/li>\n<\/ul>\n<p>Para cualquier duda o pregunta, estamos a sus \u00f3rdenes en :<\/p>\n<p><img loading=\"lazy\" decoding=\"async\" class=\"alignleft wp-image-684 size-full\" title=\"Tel e Email de Contacto\" src=\"http:\/\/www.etrix.com.mx\/Main\/wp-content\/uploads\/2021\/02\/firma-Etrix-2--e1614114147632.png\" alt=\"\" width=\"345\" height=\"93\" \/><\/p>\n","protected":false},"excerpt":{"rendered":"<p>&nbsp; El dispositivo de Direccionales LED es un dise\u00f1o Mexicano, Hecho en M\u00e9xico. Fue concebido para ser\u00a0 instalado en los espejos retrovisores laterales de los autos. En General, sus dimensiones se adaptan a la mayor\u00eda de los veh\u00edculos, camionetas, camiones\u00a0 y tracto-camiones. Caracter\u00edsticas El\u00e9ctricas Rango \u00a0de Alimentaci\u00f3n:\u00a0 12 VCC a 13.8 VCC Consumo M\u00ednimo: 5 [&hellip;]<\/p>\n","protected":false},"author":2,"featured_media":0,"parent":2,"menu_order":0,"comment_status":"closed","ping_status":"closed","template":"","meta":{"footnotes":""},"yoast_head":"<!-- This site is optimized with the Yoast SEO plugin v21.9.1 - https:\/\/yoast.com\/wordpress\/plugins\/seo\/ -->\n<title>Direccionales LEDs para autom\u00f3viles - Etrix - Electronics Design<\/title>\n<meta name=\"robots\" content=\"index, follow, max-snippet:-1, max-image-preview:large, max-video-preview:-1\" \/>\n<link rel=\"canonical\" href=\"https:\/\/www.etrix.com.mx\/Main\/productos\/direccionales-leds-para-automoviles\/\" \/>\n<meta property=\"og:locale\" content=\"es_ES\" \/>\n<meta property=\"og:type\" content=\"article\" \/>\n<meta property=\"og:title\" content=\"Direccionales LEDs para autom\u00f3viles - Etrix - Electronics Design\" \/>\n<meta property=\"og:description\" content=\"&nbsp; El dispositivo de Direccionales LED es un dise\u00f1o Mexicano, Hecho en M\u00e9xico. Fue concebido para ser\u00a0 instalado en los espejos retrovisores laterales de los autos. En General, sus dimensiones se adaptan a la mayor\u00eda de los veh\u00edculos, camionetas, camiones\u00a0 y tracto-camiones. Caracter\u00edsticas El\u00e9ctricas Rango \u00a0de Alimentaci\u00f3n:\u00a0 12 VCC a 13.8 VCC Consumo M\u00ednimo: 5 [&hellip;]\" \/>\n<meta property=\"og:url\" content=\"https:\/\/www.etrix.com.mx\/Main\/productos\/direccionales-leds-para-automoviles\/\" \/>\n<meta property=\"og:site_name\" content=\"Etrix - Electronics Design\" \/>\n<meta property=\"article:modified_time\" content=\"2021-02-23T22:17:56+00:00\" \/>\n<meta property=\"og:image\" content=\"http:\/\/www.etrix.com.mx\/Main\/wp-content\/uploads\/2012\/08\/S3021753-650x1024.jpg\" \/>\n<meta name=\"twitter:card\" content=\"summary_large_image\" \/>\n<meta name=\"twitter:label1\" content=\"Tiempo de lectura\" \/>\n\t<meta name=\"twitter:data1\" content=\"2 minutos\" \/>\n<script type=\"application\/ld+json\" class=\"yoast-schema-graph\">{\"@context\":\"https:\/\/schema.org\",\"@graph\":[{\"@type\":\"WebPage\",\"@id\":\"https:\/\/www.etrix.com.mx\/Main\/productos\/direccionales-leds-para-automoviles\/\",\"url\":\"https:\/\/www.etrix.com.mx\/Main\/productos\/direccionales-leds-para-automoviles\/\",\"name\":\"Direccionales LEDs para autom\u00f3viles - Etrix - Electronics Design\",\"isPartOf\":{\"@id\":\"https:\/\/www.etrix.com.mx\/Main\/#website\"},\"datePublished\":\"2012-08-05T08:05:52+00:00\",\"dateModified\":\"2021-02-23T22:17:56+00:00\",\"breadcrumb\":{\"@id\":\"https:\/\/www.etrix.com.mx\/Main\/productos\/direccionales-leds-para-automoviles\/#breadcrumb\"},\"inLanguage\":\"es\",\"potentialAction\":[{\"@type\":\"ReadAction\",\"target\":[\"https:\/\/www.etrix.com.mx\/Main\/productos\/direccionales-leds-para-automoviles\/\"]}]},{\"@type\":\"BreadcrumbList\",\"@id\":\"https:\/\/www.etrix.com.mx\/Main\/productos\/direccionales-leds-para-automoviles\/#breadcrumb\",\"itemListElement\":[{\"@type\":\"ListItem\",\"position\":1,\"name\":\"Portada\",\"item\":\"https:\/\/www.etrix.com.mx\/Main\/\"},{\"@type\":\"ListItem\",\"position\":2,\"name\":\"Productos\",\"item\":\"https:\/\/www.etrix.com.mx\/Main\/productos\/\"},{\"@type\":\"ListItem\",\"position\":3,\"name\":\"Direccionales LEDs para autom\u00f3viles\"}]},{\"@type\":\"WebSite\",\"@id\":\"https:\/\/www.etrix.com.mx\/Main\/#website\",\"url\":\"https:\/\/www.etrix.com.mx\/Main\/\",\"name\":\"Etrix - Electronics Design\",\"description\":\"Soluciones en Tecnolog\u00eda Electr\u00f3nica\",\"potentialAction\":[{\"@type\":\"SearchAction\",\"target\":{\"@type\":\"EntryPoint\",\"urlTemplate\":\"https:\/\/www.etrix.com.mx\/Main\/?s={search_term_string}\"},\"query-input\":\"required name=search_term_string\"}],\"inLanguage\":\"es\"}]}<\/script>\n<!-- \/ Yoast SEO plugin. -->","yoast_head_json":{"title":"Direccionales LEDs para autom\u00f3viles - Etrix - Electronics Design","robots":{"index":"index","follow":"follow","max-snippet":"max-snippet:-1","max-image-preview":"max-image-preview:large","max-video-preview":"max-video-preview:-1"},"canonical":"https:\/\/www.etrix.com.mx\/Main\/productos\/direccionales-leds-para-automoviles\/","og_locale":"es_ES","og_type":"article","og_title":"Direccionales LEDs para autom\u00f3viles - Etrix - Electronics Design","og_description":"&nbsp; El dispositivo de Direccionales LED es un dise\u00f1o Mexicano, Hecho en M\u00e9xico. Fue concebido para ser\u00a0 instalado en los espejos retrovisores laterales de los autos. En General, sus dimensiones se adaptan a la mayor\u00eda de los veh\u00edculos, camionetas, camiones\u00a0 y tracto-camiones. Caracter\u00edsticas El\u00e9ctricas Rango \u00a0de Alimentaci\u00f3n:\u00a0 12 VCC a 13.8 VCC Consumo M\u00ednimo: 5 [&hellip;]","og_url":"https:\/\/www.etrix.com.mx\/Main\/productos\/direccionales-leds-para-automoviles\/","og_site_name":"Etrix - Electronics Design","article_modified_time":"2021-02-23T22:17:56+00:00","og_image":[{"url":"http:\/\/www.etrix.com.mx\/Main\/wp-content\/uploads\/2012\/08\/S3021753-650x1024.jpg"}],"twitter_card":"summary_large_image","twitter_misc":{"Tiempo de lectura":"2 minutos"},"schema":{"@context":"https:\/\/schema.org","@graph":[{"@type":"WebPage","@id":"https:\/\/www.etrix.com.mx\/Main\/productos\/direccionales-leds-para-automoviles\/","url":"https:\/\/www.etrix.com.mx\/Main\/productos\/direccionales-leds-para-automoviles\/","name":"Direccionales LEDs para autom\u00f3viles - Etrix - Electronics Design","isPartOf":{"@id":"https:\/\/www.etrix.com.mx\/Main\/#website"},"datePublished":"2012-08-05T08:05:52+00:00","dateModified":"2021-02-23T22:17:56+00:00","breadcrumb":{"@id":"https:\/\/www.etrix.com.mx\/Main\/productos\/direccionales-leds-para-automoviles\/#breadcrumb"},"inLanguage":"es","potentialAction":[{"@type":"ReadAction","target":["https:\/\/www.etrix.com.mx\/Main\/productos\/direccionales-leds-para-automoviles\/"]}]},{"@type":"BreadcrumbList","@id":"https:\/\/www.etrix.com.mx\/Main\/productos\/direccionales-leds-para-automoviles\/#breadcrumb","itemListElement":[{"@type":"ListItem","position":1,"name":"Portada","item":"https:\/\/www.etrix.com.mx\/Main\/"},{"@type":"ListItem","position":2,"name":"Productos","item":"https:\/\/www.etrix.com.mx\/Main\/productos\/"},{"@type":"ListItem","position":3,"name":"Direccionales LEDs para autom\u00f3viles"}]},{"@type":"WebSite","@id":"https:\/\/www.etrix.com.mx\/Main\/#website","url":"https:\/\/www.etrix.com.mx\/Main\/","name":"Etrix - Electronics Design","description":"Soluciones en Tecnolog\u00eda Electr\u00f3nica","potentialAction":[{"@type":"SearchAction","target":{"@type":"EntryPoint","urlTemplate":"https:\/\/www.etrix.com.mx\/Main\/?s={search_term_string}"},"query-input":"required name=search_term_string"}],"inLanguage":"es"}]}},"_links":{"self":[{"href":"https:\/\/www.etrix.com.mx\/Main\/wp-json\/wp\/v2\/pages\/199"}],"collection":[{"href":"https:\/\/www.etrix.com.mx\/Main\/wp-json\/wp\/v2\/pages"}],"about":[{"href":"https:\/\/www.etrix.com.mx\/Main\/wp-json\/wp\/v2\/types\/page"}],"author":[{"embeddable":true,"href":"https:\/\/www.etrix.com.mx\/Main\/wp-json\/wp\/v2\/users\/2"}],"replies":[{"embeddable":true,"href":"https:\/\/www.etrix.com.mx\/Main\/wp-json\/wp\/v2\/comments?post=199"}],"version-history":[{"count":16,"href":"https:\/\/www.etrix.com.mx\/Main\/wp-json\/wp\/v2\/pages\/199\/revisions"}],"predecessor-version":[{"id":687,"href":"https:\/\/www.etrix.com.mx\/Main\/wp-json\/wp\/v2\/pages\/199\/revisions\/687"}],"up":[{"embeddable":true,"href":"https:\/\/www.etrix.com.mx\/Main\/wp-json\/wp\/v2\/pages\/2"}],"wp:attachment":[{"href":"https:\/\/www.etrix.com.mx\/Main\/wp-json\/wp\/v2\/media?parent=199"}],"curies":[{"name":"wp","href":"https:\/\/api.w.org\/{rel}","templated":true}]}}