{"id":254,"date":"2012-08-28T08:31:06","date_gmt":"2012-08-28T14:31:06","guid":{"rendered":"http:\/\/www.etrix.com.mx\/Main\/?page_id=254"},"modified":"2021-02-23T13:53:39","modified_gmt":"2021-02-23T19:53:39","slug":"lampara-de-leds-industrial-high-bay-etx-hb-150w","status":"publish","type":"page","link":"https:\/\/www.etrix.com.mx\/Main\/productos\/lampara-de-leds-industrial-high-bay-etx-hb-150w\/","title":{"rendered":"L\u00e1mpara de LEDs &#8211; Industrial High Bay ETX-HB-150W"},"content":{"rendered":"<div id=\"attachment_259\" style=\"width: 190px\" class=\"wp-caption alignleft\"><a href=\"http:\/\/www.etrix.com.mx\/Main\/wp-content\/uploads\/2012\/08\/ETX-HB-150W-Vista-Gral.jpg\"><img loading=\"lazy\" decoding=\"async\" aria-describedby=\"caption-attachment-259\" class=\" wp-image-259 \" title=\"L\u00e1mpara de Leds ETX-HB-150W\" src=\"http:\/\/www.etrix.com.mx\/Main\/wp-content\/uploads\/2012\/08\/ETX-HB-150W-Vista-Gral-225x300.jpg\" alt=\"\" width=\"180\" height=\"240\" srcset=\"https:\/\/www.etrix.com.mx\/Main\/wp-content\/uploads\/2012\/08\/ETX-HB-150W-Vista-Gral-225x300.jpg 225w, https:\/\/www.etrix.com.mx\/Main\/wp-content\/uploads\/2012\/08\/ETX-HB-150W-Vista-Gral-768x1024.jpg 768w, https:\/\/www.etrix.com.mx\/Main\/wp-content\/uploads\/2012\/08\/ETX-HB-150W-Vista-Gral.jpg 1536w\" sizes=\"(max-width: 180px) 100vw, 180px\" \/><\/a><p id=\"caption-attachment-259\" class=\"wp-caption-text\">Campana de Leds de 150 W<\/p><\/div>\n<p style=\"text-align: justify;\">Presentamos nuestro mas reciente producto: <strong>L\u00e1mpara de Leds de 150W<\/strong><\/p>\n<p style=\"text-align: justify;\">Esta L\u00e1mpara de LEDs de tipo industrial , est\u00e1 basada en un Chip-Led de formato Array. Posee 154 leds de 1W, integrados en un mismo chip.<\/p>\n<p style=\"text-align: justify;\">Tiene Excelente desempe\u00f1o en ambientes industriales, tales como bodegas, almacenes y salones de exposici\u00f3n. Y en todo ambiente donde se necesite, una iluminaci\u00f3n potente, de acuerdo a las necesidades del cliente.<\/p>\n<p style=\"text-align: justify;\">Reemplaza con creces a las Luminarias Tradicionales de ( HID ) aditivos met\u00e1licos de 400W. Lo cual \u00a0se traduce en una mejor iluminaci\u00f3n, con gran ahorro de energ\u00eda el\u00e9ctrica. Del mismo modo es ampliamente superior a las equivalentes de Inducci\u00f3n. Otra ventaja es la nula contaminaci\u00f3n de Mercurio, cosa que no sucede en las de otras tecnolog\u00edas.<\/p>\n<div id=\"attachment_261\" style=\"width: 250px\" class=\"wp-caption alignleft\"><a href=\"http:\/\/www.etrix.com.mx\/Main\/wp-content\/uploads\/2012\/08\/ETX-HB-150W-Campana.jpg\"><img loading=\"lazy\" decoding=\"async\" aria-describedby=\"caption-attachment-261\" class=\" wp-image-261 \" title=\"Campana de Leds- Detalle de Led y Lente\" src=\"http:\/\/www.etrix.com.mx\/Main\/wp-content\/uploads\/2012\/08\/ETX-HB-150W-Campana-300x225.jpg\" alt=\"\" width=\"240\" height=\"180\" srcset=\"https:\/\/www.etrix.com.mx\/Main\/wp-content\/uploads\/2012\/08\/ETX-HB-150W-Campana-300x225.jpg 300w, https:\/\/www.etrix.com.mx\/Main\/wp-content\/uploads\/2012\/08\/ETX-HB-150W-Campana-1024x768.jpg 1024w, https:\/\/www.etrix.com.mx\/Main\/wp-content\/uploads\/2012\/08\/ETX-HB-150W-Campana.jpg 2048w\" sizes=\"(max-width: 240px) 100vw, 240px\" \/><\/a><p id=\"caption-attachment-261\" class=\"wp-caption-text\">Campana de Leds- Detalle de Led y Lente<\/p><\/div>\n<p style=\"text-align: justify;\"><span style=\"line-height: 24px;\">Cuenta con lente de \u00e1ngulo abierto, de 9.5 cm de di\u00e1metro, lo cual magnifica las bondades del led utilizado.<\/span><\/p>\n<p>&nbsp;<\/p>\n<p>&nbsp;<\/p>\n<p>&nbsp;<\/p>\n<p>&nbsp;<\/p>\n<p><strong>Caracter\u00edsticas T\u00e9cnicas:<\/strong><\/p>\n<table width=\"854\" border=\"0\" cellspacing=\"0\" cellpadding=\"0\">\n<colgroup>\n<col width=\"474\" \/>\n<col width=\"380\" \/> <\/colgroup>\n<tbody>\n<tr>\n<td width=\"474\" height=\"20\">Rango de Alimentaci\u00f3n:<\/td>\n<td width=\"380\"><strong>90 ~ 295VAC<\/strong><\/td>\n<\/tr>\n<tr>\n<td height=\"21\">Rango de Frecuencia de entrada<\/td>\n<td><strong>47 ~ 63Hz<\/strong><\/td>\n<\/tr>\n<tr>\n<td height=\"20\">Factor de Potencia:<\/td>\n<td><strong>PF &gt; 0.95 @ 230VAC<\/strong><\/td>\n<\/tr>\n<tr>\n<td height=\"20\">Eficiencia del Driver de alimentaci\u00f3n:<\/td>\n<td><strong>0.91<\/strong><\/td>\n<\/tr>\n<tr>\n<td height=\"20\">Protecciones contra:<\/td>\n<td><strong>Sobrecorriente, sobrevoltaje y cortocircuito<\/strong><\/td>\n<\/tr>\n<tr>\n<td height=\"20\">Potencia Lum\u00ednica:<\/td>\n<td><strong>10500 Lumens<\/strong><\/td>\n<\/tr>\n<tr>\n<td height=\"20\">Eficiencia del Led:<\/td>\n<td><strong>Ef &gt; 85 lm\/W<\/strong><\/td>\n<\/tr>\n<tr>\n<td height=\"20\">Tiempo M\u00ednimo de Vida del LED :<\/td>\n<td><strong>50000 horas<\/strong><\/td>\n<\/tr>\n<\/tbody>\n<\/table>\n<p style=\"text-align: left;\">Estamos a sus \u00f3rdenes para asesoralo, en cuanto a \u00e9ste u otros productos de LEDs que necesite.<\/p>\n<p style=\"text-align: left;\">El Equipo de Etrix !<\/p>\n<p style=\"text-align: left;\"><img loading=\"lazy\" decoding=\"async\" class=\"alignleft size-medium wp-image-109\" title=\"Tel e Email de Contacto\" src=\"http:\/\/www.etrix.com.mx\/Main\/wp-content\/uploads\/2012\/01\/Tel-e-Email-de-Contacto1-300x74.png\" alt=\"\" width=\"300\" height=\"74\" srcset=\"https:\/\/www.etrix.com.mx\/Main\/wp-content\/uploads\/2012\/01\/Tel-e-Email-de-Contacto1-300x74.png 300w, https:\/\/www.etrix.com.mx\/Main\/wp-content\/uploads\/2012\/01\/Tel-e-Email-de-Contacto1.png 345w\" sizes=\"(max-width: 300px) 100vw, 300px\" \/><\/p>\n","protected":false},"excerpt":{"rendered":"<p>Presentamos nuestro mas reciente producto: L\u00e1mpara de Leds de 150W Esta L\u00e1mpara de LEDs de tipo industrial , est\u00e1 basada en un Chip-Led de formato Array. Posee 154 leds de 1W, integrados en un mismo chip. Tiene Excelente desempe\u00f1o en ambientes industriales, tales como bodegas, almacenes y salones de exposici\u00f3n. Y en todo ambiente donde [&hellip;]<\/p>\n","protected":false},"author":2,"featured_media":0,"parent":2,"menu_order":2,"comment_status":"closed","ping_status":"closed","template":"","meta":{"footnotes":""},"yoast_head":"<!-- This site is optimized with the Yoast SEO plugin v21.9.1 - https:\/\/yoast.com\/wordpress\/plugins\/seo\/ -->\n<title>L\u00e1mpara de LEDs - Industrial High Bay ETX-HB-150W - Etrix - Electronics Design<\/title>\n<meta name=\"robots\" content=\"index, follow, max-snippet:-1, max-image-preview:large, max-video-preview:-1\" \/>\n<link rel=\"canonical\" href=\"https:\/\/www.etrix.com.mx\/Main\/productos\/lampara-de-leds-industrial-high-bay-etx-hb-150w\/\" \/>\n<meta property=\"og:locale\" content=\"es_ES\" \/>\n<meta property=\"og:type\" content=\"article\" \/>\n<meta property=\"og:title\" content=\"L\u00e1mpara de LEDs - Industrial High Bay ETX-HB-150W - Etrix - Electronics Design\" \/>\n<meta property=\"og:description\" content=\"Presentamos nuestro mas reciente producto: L\u00e1mpara de Leds de 150W Esta L\u00e1mpara de LEDs de tipo industrial , est\u00e1 basada en un Chip-Led de formato Array. Posee 154 leds de 1W, integrados en un mismo chip. Tiene Excelente desempe\u00f1o en ambientes industriales, tales como bodegas, almacenes y salones de exposici\u00f3n. Y en todo ambiente donde [&hellip;]\" \/>\n<meta property=\"og:url\" content=\"https:\/\/www.etrix.com.mx\/Main\/productos\/lampara-de-leds-industrial-high-bay-etx-hb-150w\/\" \/>\n<meta property=\"og:site_name\" content=\"Etrix - Electronics Design\" \/>\n<meta property=\"article:modified_time\" content=\"2021-02-23T19:53:39+00:00\" \/>\n<meta property=\"og:image\" content=\"http:\/\/www.etrix.com.mx\/Main\/wp-content\/uploads\/2012\/08\/ETX-HB-150W-Vista-Gral-225x300.jpg\" \/>\n<meta name=\"twitter:card\" content=\"summary_large_image\" \/>\n<meta name=\"twitter:label1\" content=\"Tiempo de lectura\" \/>\n\t<meta name=\"twitter:data1\" content=\"1 minuto\" \/>\n<script type=\"application\/ld+json\" class=\"yoast-schema-graph\">{\"@context\":\"https:\/\/schema.org\",\"@graph\":[{\"@type\":\"WebPage\",\"@id\":\"https:\/\/www.etrix.com.mx\/Main\/productos\/lampara-de-leds-industrial-high-bay-etx-hb-150w\/\",\"url\":\"https:\/\/www.etrix.com.mx\/Main\/productos\/lampara-de-leds-industrial-high-bay-etx-hb-150w\/\",\"name\":\"L\u00e1mpara de LEDs - Industrial High Bay ETX-HB-150W - Etrix - Electronics Design\",\"isPartOf\":{\"@id\":\"https:\/\/www.etrix.com.mx\/Main\/#website\"},\"datePublished\":\"2012-08-28T14:31:06+00:00\",\"dateModified\":\"2021-02-23T19:53:39+00:00\",\"breadcrumb\":{\"@id\":\"https:\/\/www.etrix.com.mx\/Main\/productos\/lampara-de-leds-industrial-high-bay-etx-hb-150w\/#breadcrumb\"},\"inLanguage\":\"es\",\"potentialAction\":[{\"@type\":\"ReadAction\",\"target\":[\"https:\/\/www.etrix.com.mx\/Main\/productos\/lampara-de-leds-industrial-high-bay-etx-hb-150w\/\"]}]},{\"@type\":\"BreadcrumbList\",\"@id\":\"https:\/\/www.etrix.com.mx\/Main\/productos\/lampara-de-leds-industrial-high-bay-etx-hb-150w\/#breadcrumb\",\"itemListElement\":[{\"@type\":\"ListItem\",\"position\":1,\"name\":\"Portada\",\"item\":\"https:\/\/www.etrix.com.mx\/Main\/\"},{\"@type\":\"ListItem\",\"position\":2,\"name\":\"Productos\",\"item\":\"https:\/\/www.etrix.com.mx\/Main\/productos\/\"},{\"@type\":\"ListItem\",\"position\":3,\"name\":\"L\u00e1mpara de LEDs &#8211; Industrial High Bay ETX-HB-150W\"}]},{\"@type\":\"WebSite\",\"@id\":\"https:\/\/www.etrix.com.mx\/Main\/#website\",\"url\":\"https:\/\/www.etrix.com.mx\/Main\/\",\"name\":\"Etrix - Electronics Design\",\"description\":\"Soluciones en Tecnolog\u00eda Electr\u00f3nica\",\"potentialAction\":[{\"@type\":\"SearchAction\",\"target\":{\"@type\":\"EntryPoint\",\"urlTemplate\":\"https:\/\/www.etrix.com.mx\/Main\/?s={search_term_string}\"},\"query-input\":\"required name=search_term_string\"}],\"inLanguage\":\"es\"}]}<\/script>\n<!-- \/ Yoast SEO plugin. -->","yoast_head_json":{"title":"L\u00e1mpara de LEDs - Industrial High Bay ETX-HB-150W - Etrix - Electronics Design","robots":{"index":"index","follow":"follow","max-snippet":"max-snippet:-1","max-image-preview":"max-image-preview:large","max-video-preview":"max-video-preview:-1"},"canonical":"https:\/\/www.etrix.com.mx\/Main\/productos\/lampara-de-leds-industrial-high-bay-etx-hb-150w\/","og_locale":"es_ES","og_type":"article","og_title":"L\u00e1mpara de LEDs - Industrial High Bay ETX-HB-150W - Etrix - Electronics Design","og_description":"Presentamos nuestro mas reciente producto: L\u00e1mpara de Leds de 150W Esta L\u00e1mpara de LEDs de tipo industrial , est\u00e1 basada en un Chip-Led de formato Array. Posee 154 leds de 1W, integrados en un mismo chip. Tiene Excelente desempe\u00f1o en ambientes industriales, tales como bodegas, almacenes y salones de exposici\u00f3n. Y en todo ambiente donde [&hellip;]","og_url":"https:\/\/www.etrix.com.mx\/Main\/productos\/lampara-de-leds-industrial-high-bay-etx-hb-150w\/","og_site_name":"Etrix - Electronics Design","article_modified_time":"2021-02-23T19:53:39+00:00","og_image":[{"url":"http:\/\/www.etrix.com.mx\/Main\/wp-content\/uploads\/2012\/08\/ETX-HB-150W-Vista-Gral-225x300.jpg"}],"twitter_card":"summary_large_image","twitter_misc":{"Tiempo de lectura":"1 minuto"},"schema":{"@context":"https:\/\/schema.org","@graph":[{"@type":"WebPage","@id":"https:\/\/www.etrix.com.mx\/Main\/productos\/lampara-de-leds-industrial-high-bay-etx-hb-150w\/","url":"https:\/\/www.etrix.com.mx\/Main\/productos\/lampara-de-leds-industrial-high-bay-etx-hb-150w\/","name":"L\u00e1mpara de LEDs - Industrial High Bay ETX-HB-150W - Etrix - Electronics Design","isPartOf":{"@id":"https:\/\/www.etrix.com.mx\/Main\/#website"},"datePublished":"2012-08-28T14:31:06+00:00","dateModified":"2021-02-23T19:53:39+00:00","breadcrumb":{"@id":"https:\/\/www.etrix.com.mx\/Main\/productos\/lampara-de-leds-industrial-high-bay-etx-hb-150w\/#breadcrumb"},"inLanguage":"es","potentialAction":[{"@type":"ReadAction","target":["https:\/\/www.etrix.com.mx\/Main\/productos\/lampara-de-leds-industrial-high-bay-etx-hb-150w\/"]}]},{"@type":"BreadcrumbList","@id":"https:\/\/www.etrix.com.mx\/Main\/productos\/lampara-de-leds-industrial-high-bay-etx-hb-150w\/#breadcrumb","itemListElement":[{"@type":"ListItem","position":1,"name":"Portada","item":"https:\/\/www.etrix.com.mx\/Main\/"},{"@type":"ListItem","position":2,"name":"Productos","item":"https:\/\/www.etrix.com.mx\/Main\/productos\/"},{"@type":"ListItem","position":3,"name":"L\u00e1mpara de LEDs &#8211; Industrial High Bay ETX-HB-150W"}]},{"@type":"WebSite","@id":"https:\/\/www.etrix.com.mx\/Main\/#website","url":"https:\/\/www.etrix.com.mx\/Main\/","name":"Etrix - Electronics Design","description":"Soluciones en Tecnolog\u00eda Electr\u00f3nica","potentialAction":[{"@type":"SearchAction","target":{"@type":"EntryPoint","urlTemplate":"https:\/\/www.etrix.com.mx\/Main\/?s={search_term_string}"},"query-input":"required name=search_term_string"}],"inLanguage":"es"}]}},"_links":{"self":[{"href":"https:\/\/www.etrix.com.mx\/Main\/wp-json\/wp\/v2\/pages\/254"}],"collection":[{"href":"https:\/\/www.etrix.com.mx\/Main\/wp-json\/wp\/v2\/pages"}],"about":[{"href":"https:\/\/www.etrix.com.mx\/Main\/wp-json\/wp\/v2\/types\/page"}],"author":[{"embeddable":true,"href":"https:\/\/www.etrix.com.mx\/Main\/wp-json\/wp\/v2\/users\/2"}],"replies":[{"embeddable":true,"href":"https:\/\/www.etrix.com.mx\/Main\/wp-json\/wp\/v2\/comments?post=254"}],"version-history":[{"count":39,"href":"https:\/\/www.etrix.com.mx\/Main\/wp-json\/wp\/v2\/pages\/254\/revisions"}],"predecessor-version":[{"id":257,"href":"https:\/\/www.etrix.com.mx\/Main\/wp-json\/wp\/v2\/pages\/254\/revisions\/257"}],"up":[{"embeddable":true,"href":"https:\/\/www.etrix.com.mx\/Main\/wp-json\/wp\/v2\/pages\/2"}],"wp:attachment":[{"href":"https:\/\/www.etrix.com.mx\/Main\/wp-json\/wp\/v2\/media?parent=254"}],"curies":[{"name":"wp","href":"https:\/\/api.w.org\/{rel}","templated":true}]}}