{"id":343,"date":"2012-10-22T11:52:20","date_gmt":"2012-10-22T17:52:20","guid":{"rendered":"http:\/\/www.etrix.com.mx\/Main\/?page_id=343"},"modified":"2021-02-23T13:53:51","modified_gmt":"2021-02-23T19:53:51","slug":"estudio-y-diagnostico-en-iluminacion","status":"publish","type":"page","link":"https:\/\/www.etrix.com.mx\/Main\/servicios\/estudio-y-diagnostico-en-iluminacion\/","title":{"rendered":"Estudio y Diagn\u00f3stico en Iluminaci\u00f3n"},"content":{"rendered":"<div id=\"attachment_347\" style=\"width: 710px\" class=\"wp-caption alignleft\"><img loading=\"lazy\" decoding=\"async\" aria-describedby=\"caption-attachment-347\" class=\" wp-image-347\" title=\"Estudio de Iluminaci\u00f3n Bodega\" src=\"http:\/\/www.etrix.com.mx\/Main\/wp-content\/uploads\/2012\/10\/Estudio-de-Iluminaci\u00f3n-Bodega-1024x449.jpg\" alt=\"\" width=\"700\" height=\"306\" srcset=\"https:\/\/www.etrix.com.mx\/Main\/wp-content\/uploads\/2012\/10\/Estudio-de-Iluminaci\u00f3n-Bodega-1024x449.jpg 1024w, https:\/\/www.etrix.com.mx\/Main\/wp-content\/uploads\/2012\/10\/Estudio-de-Iluminaci\u00f3n-Bodega-300x131.jpg 300w, https:\/\/www.etrix.com.mx\/Main\/wp-content\/uploads\/2012\/10\/Estudio-de-Iluminaci\u00f3n-Bodega.jpg 1319w\" sizes=\"(max-width: 700px) 100vw, 700px\" \/><p id=\"caption-attachment-347\" class=\"wp-caption-text\"><strong>Estudio de Iluminaci\u00f3n en Bodega &#8211; Escala de Grises<\/strong><\/p><\/div>\n<p>&nbsp;<\/p>\n<div id=\"attachment_348\" style=\"width: 710px\" class=\"wp-caption alignnone\"><img loading=\"lazy\" decoding=\"async\" aria-describedby=\"caption-attachment-348\" class=\" wp-image-348\" title=\"Estudio de Iluminaci\u00f3n Bodega - Escala de colores en Lux\" src=\"http:\/\/www.etrix.com.mx\/Main\/wp-content\/uploads\/2012\/10\/Estudio-de-Iluminaci\u00f3n-Bodega-Escala-de-colores-en-Lux-1024x451.jpg\" alt=\"\" width=\"700\" height=\"308\" srcset=\"https:\/\/www.etrix.com.mx\/Main\/wp-content\/uploads\/2012\/10\/Estudio-de-Iluminaci\u00f3n-Bodega-Escala-de-colores-en-Lux-1024x451.jpg 1024w, https:\/\/www.etrix.com.mx\/Main\/wp-content\/uploads\/2012\/10\/Estudio-de-Iluminaci\u00f3n-Bodega-Escala-de-colores-en-Lux-300x132.jpg 300w, https:\/\/www.etrix.com.mx\/Main\/wp-content\/uploads\/2012\/10\/Estudio-de-Iluminaci\u00f3n-Bodega-Escala-de-colores-en-Lux.jpg 1309w\" sizes=\"(max-width: 700px) 100vw, 700px\" \/><p id=\"caption-attachment-348\" class=\"wp-caption-text\"><strong>Estudio de Iluminaci\u00f3n en Bodega &#8211; Escala de colores en Luxes<\/strong><\/p><\/div>\n<p>&nbsp;<\/p>\n<p style=\"text-align: justify;\"><!--m\u00e1s--> Como parte importante de los servicios de nuestra empresa, ofrecemos:<\/p>\n<ul>\n<li><strong> Estudio \u00a0de iluminaci\u00f3n.<\/strong>\n<ul>\n<li>Medici\u00f3n de Luxes en:\n<ul>\n<li>Oficinas.<\/li>\n<li>Estacionamientos.<\/li>\n<li>Bodegas.<\/li>\n<li>Cumplimiento de la Norma NOM-0025 de la STPS.<\/li>\n<\/ul>\n<div><\/div>\n<div><\/div>\n<\/li>\n<li>Estudio y Simulaci\u00f3n mediante Software DIALux.\n<ul>\n<li>Cantidad\u00a0M\u00ednima \u00a0de Luminarias necesarias, para iluminaci\u00f3n Homog\u00e9nea.<\/li>\n<li>Representaci\u00f3n en Colores Falsos &#8211; &gt; Determinar visualmente Luxes por \u00e1rea.<\/li>\n<\/ul>\n<\/li>\n<\/ul>\n<\/li>\n<\/ul>\n<div><span style=\"font-size: medium;\"><span style=\"line-height: 24px;\"><br \/>\n<\/span><\/span><\/div>\n<ul style=\"text-align: justify;\">\n<li><strong>Diagn\u00f3stico de iluminaci\u00f3n.<\/strong>\n<ul>\n<li style=\"text-align: justify;\">Mismos servicios que en un Estudio, pero con la diferencia que:<\/li>\n<li style=\"text-align: justify;\">En este\u00a0caso estaremos tratando con iluminaci\u00f3n Existente,<\/li>\n<li style=\"text-align: justify;\">Se evaluar su eficiencia, y sugerir en tal caso, los cambios necesarios para:\n<ul>\n<li style=\"text-align: justify;\">Mejorarla<\/li>\n<li style=\"text-align: justify;\">Tener un ahorro ( con Tecnolog\u00eda LED)<\/li>\n<li style=\"text-align: justify;\">Ser Sustentable<\/li>\n<\/ul>\n<\/li>\n<\/ul>\n<\/li>\n<\/ul>\n<div style=\"text-align: justify;\"><span style=\"font-size: medium;\"><span style=\"line-height: 24px;\"><br \/>\n<\/span><\/span><\/div>\n<div><span style=\"font-size: medium;\"><span style=\"line-height: 24px;\"><br \/>\n<\/span><\/span><\/div>\n<p style=\"text-align: justify;\">Descargar Folleto &#8211; <a title=\"L\u00e1mpara de LEDs \u2013 Industrial High Bay ETX-HB-150W\" href=\"http:\/\/www.etrix.com.mx\/Promo\/Presentacion_Iluminacion_LEDS.pdf\">CLICK AQU\u00cd<\/a><\/p>\n<p style=\"text-align: justify;\">Muchas Gracias por confiar en nosotros !<\/p>\n<p style=\"text-align: justify;\">El Equipo de Etrix<\/p>\n","protected":false},"excerpt":{"rendered":"<p>&nbsp; &nbsp; Como parte importante de los servicios de nuestra empresa, ofrecemos: Estudio \u00a0de iluminaci\u00f3n. Medici\u00f3n de Luxes en: Oficinas. Estacionamientos. Bodegas. Cumplimiento de la Norma NOM-0025 de la STPS. Estudio y Simulaci\u00f3n mediante Software DIALux. Cantidad\u00a0M\u00ednima \u00a0de Luminarias necesarias, para iluminaci\u00f3n Homog\u00e9nea. Representaci\u00f3n en Colores Falsos &#8211; &gt; Determinar visualmente Luxes por \u00e1rea. Diagn\u00f3stico [&hellip;]<\/p>\n","protected":false},"author":2,"featured_media":0,"parent":34,"menu_order":0,"comment_status":"closed","ping_status":"closed","template":"","meta":{"footnotes":""},"yoast_head":"<!-- This site is optimized with the Yoast SEO plugin v21.9.1 - https:\/\/yoast.com\/wordpress\/plugins\/seo\/ -->\n<title>Estudio y Diagn\u00f3stico en Iluminaci\u00f3n - Etrix - Electronics Design<\/title>\n<meta name=\"robots\" content=\"index, follow, max-snippet:-1, max-image-preview:large, max-video-preview:-1\" \/>\n<link rel=\"canonical\" href=\"https:\/\/www.etrix.com.mx\/Main\/servicios\/estudio-y-diagnostico-en-iluminacion\/\" \/>\n<meta property=\"og:locale\" content=\"es_ES\" \/>\n<meta property=\"og:type\" content=\"article\" \/>\n<meta property=\"og:title\" content=\"Estudio y Diagn\u00f3stico en Iluminaci\u00f3n - Etrix - Electronics Design\" \/>\n<meta property=\"og:description\" content=\"&nbsp; &nbsp; Como parte importante de los servicios de nuestra empresa, ofrecemos: Estudio \u00a0de iluminaci\u00f3n. Medici\u00f3n de Luxes en: Oficinas. Estacionamientos. Bodegas. Cumplimiento de la Norma NOM-0025 de la STPS. Estudio y Simulaci\u00f3n mediante Software DIALux. Cantidad\u00a0M\u00ednima \u00a0de Luminarias necesarias, para iluminaci\u00f3n Homog\u00e9nea. Representaci\u00f3n en Colores Falsos &#8211; &gt; Determinar visualmente Luxes por \u00e1rea. Diagn\u00f3stico [&hellip;]\" \/>\n<meta property=\"og:url\" content=\"https:\/\/www.etrix.com.mx\/Main\/servicios\/estudio-y-diagnostico-en-iluminacion\/\" \/>\n<meta property=\"og:site_name\" content=\"Etrix - Electronics Design\" \/>\n<meta property=\"article:modified_time\" content=\"2021-02-23T19:53:51+00:00\" \/>\n<meta name=\"twitter:card\" content=\"summary_large_image\" \/>\n<meta name=\"twitter:label1\" content=\"Tiempo de lectura\" \/>\n\t<meta name=\"twitter:data1\" content=\"1 minuto\" \/>\n<script type=\"application\/ld+json\" class=\"yoast-schema-graph\">{\"@context\":\"https:\/\/schema.org\",\"@graph\":[{\"@type\":\"WebPage\",\"@id\":\"https:\/\/www.etrix.com.mx\/Main\/servicios\/estudio-y-diagnostico-en-iluminacion\/\",\"url\":\"https:\/\/www.etrix.com.mx\/Main\/servicios\/estudio-y-diagnostico-en-iluminacion\/\",\"name\":\"Estudio y Diagn\u00f3stico en Iluminaci\u00f3n - Etrix - Electronics Design\",\"isPartOf\":{\"@id\":\"https:\/\/www.etrix.com.mx\/Main\/#website\"},\"datePublished\":\"2012-10-22T17:52:20+00:00\",\"dateModified\":\"2021-02-23T19:53:51+00:00\",\"breadcrumb\":{\"@id\":\"https:\/\/www.etrix.com.mx\/Main\/servicios\/estudio-y-diagnostico-en-iluminacion\/#breadcrumb\"},\"inLanguage\":\"es\",\"potentialAction\":[{\"@type\":\"ReadAction\",\"target\":[\"https:\/\/www.etrix.com.mx\/Main\/servicios\/estudio-y-diagnostico-en-iluminacion\/\"]}]},{\"@type\":\"BreadcrumbList\",\"@id\":\"https:\/\/www.etrix.com.mx\/Main\/servicios\/estudio-y-diagnostico-en-iluminacion\/#breadcrumb\",\"itemListElement\":[{\"@type\":\"ListItem\",\"position\":1,\"name\":\"Portada\",\"item\":\"https:\/\/www.etrix.com.mx\/Main\/\"},{\"@type\":\"ListItem\",\"position\":2,\"name\":\"Servicios\",\"item\":\"https:\/\/www.etrix.com.mx\/Main\/servicios\/\"},{\"@type\":\"ListItem\",\"position\":3,\"name\":\"Estudio y Diagn\u00f3stico en Iluminaci\u00f3n\"}]},{\"@type\":\"WebSite\",\"@id\":\"https:\/\/www.etrix.com.mx\/Main\/#website\",\"url\":\"https:\/\/www.etrix.com.mx\/Main\/\",\"name\":\"Etrix - Electronics Design\",\"description\":\"Soluciones en Tecnolog\u00eda Electr\u00f3nica\",\"potentialAction\":[{\"@type\":\"SearchAction\",\"target\":{\"@type\":\"EntryPoint\",\"urlTemplate\":\"https:\/\/www.etrix.com.mx\/Main\/?s={search_term_string}\"},\"query-input\":\"required name=search_term_string\"}],\"inLanguage\":\"es\"}]}<\/script>\n<!-- \/ Yoast SEO plugin. -->","yoast_head_json":{"title":"Estudio y Diagn\u00f3stico en Iluminaci\u00f3n - Etrix - Electronics Design","robots":{"index":"index","follow":"follow","max-snippet":"max-snippet:-1","max-image-preview":"max-image-preview:large","max-video-preview":"max-video-preview:-1"},"canonical":"https:\/\/www.etrix.com.mx\/Main\/servicios\/estudio-y-diagnostico-en-iluminacion\/","og_locale":"es_ES","og_type":"article","og_title":"Estudio y Diagn\u00f3stico en Iluminaci\u00f3n - Etrix - Electronics Design","og_description":"&nbsp; &nbsp; Como parte importante de los servicios de nuestra empresa, ofrecemos: Estudio \u00a0de iluminaci\u00f3n. Medici\u00f3n de Luxes en: Oficinas. Estacionamientos. Bodegas. Cumplimiento de la Norma NOM-0025 de la STPS. Estudio y Simulaci\u00f3n mediante Software DIALux. Cantidad\u00a0M\u00ednima \u00a0de Luminarias necesarias, para iluminaci\u00f3n Homog\u00e9nea. Representaci\u00f3n en Colores Falsos &#8211; &gt; Determinar visualmente Luxes por \u00e1rea. Diagn\u00f3stico [&hellip;]","og_url":"https:\/\/www.etrix.com.mx\/Main\/servicios\/estudio-y-diagnostico-en-iluminacion\/","og_site_name":"Etrix - Electronics Design","article_modified_time":"2021-02-23T19:53:51+00:00","twitter_card":"summary_large_image","twitter_misc":{"Tiempo de lectura":"1 minuto"},"schema":{"@context":"https:\/\/schema.org","@graph":[{"@type":"WebPage","@id":"https:\/\/www.etrix.com.mx\/Main\/servicios\/estudio-y-diagnostico-en-iluminacion\/","url":"https:\/\/www.etrix.com.mx\/Main\/servicios\/estudio-y-diagnostico-en-iluminacion\/","name":"Estudio y Diagn\u00f3stico en Iluminaci\u00f3n - Etrix - Electronics Design","isPartOf":{"@id":"https:\/\/www.etrix.com.mx\/Main\/#website"},"datePublished":"2012-10-22T17:52:20+00:00","dateModified":"2021-02-23T19:53:51+00:00","breadcrumb":{"@id":"https:\/\/www.etrix.com.mx\/Main\/servicios\/estudio-y-diagnostico-en-iluminacion\/#breadcrumb"},"inLanguage":"es","potentialAction":[{"@type":"ReadAction","target":["https:\/\/www.etrix.com.mx\/Main\/servicios\/estudio-y-diagnostico-en-iluminacion\/"]}]},{"@type":"BreadcrumbList","@id":"https:\/\/www.etrix.com.mx\/Main\/servicios\/estudio-y-diagnostico-en-iluminacion\/#breadcrumb","itemListElement":[{"@type":"ListItem","position":1,"name":"Portada","item":"https:\/\/www.etrix.com.mx\/Main\/"},{"@type":"ListItem","position":2,"name":"Servicios","item":"https:\/\/www.etrix.com.mx\/Main\/servicios\/"},{"@type":"ListItem","position":3,"name":"Estudio y Diagn\u00f3stico en Iluminaci\u00f3n"}]},{"@type":"WebSite","@id":"https:\/\/www.etrix.com.mx\/Main\/#website","url":"https:\/\/www.etrix.com.mx\/Main\/","name":"Etrix - Electronics Design","description":"Soluciones en Tecnolog\u00eda Electr\u00f3nica","potentialAction":[{"@type":"SearchAction","target":{"@type":"EntryPoint","urlTemplate":"https:\/\/www.etrix.com.mx\/Main\/?s={search_term_string}"},"query-input":"required name=search_term_string"}],"inLanguage":"es"}]}},"_links":{"self":[{"href":"https:\/\/www.etrix.com.mx\/Main\/wp-json\/wp\/v2\/pages\/343"}],"collection":[{"href":"https:\/\/www.etrix.com.mx\/Main\/wp-json\/wp\/v2\/pages"}],"about":[{"href":"https:\/\/www.etrix.com.mx\/Main\/wp-json\/wp\/v2\/types\/page"}],"author":[{"embeddable":true,"href":"https:\/\/www.etrix.com.mx\/Main\/wp-json\/wp\/v2\/users\/2"}],"replies":[{"embeddable":true,"href":"https:\/\/www.etrix.com.mx\/Main\/wp-json\/wp\/v2\/comments?post=343"}],"version-history":[{"count":39,"href":"https:\/\/www.etrix.com.mx\/Main\/wp-json\/wp\/v2\/pages\/343\/revisions"}],"predecessor-version":[{"id":676,"href":"https:\/\/www.etrix.com.mx\/Main\/wp-json\/wp\/v2\/pages\/343\/revisions\/676"}],"up":[{"embeddable":true,"href":"https:\/\/www.etrix.com.mx\/Main\/wp-json\/wp\/v2\/pages\/34"}],"wp:attachment":[{"href":"https:\/\/www.etrix.com.mx\/Main\/wp-json\/wp\/v2\/media?parent=343"}],"curies":[{"name":"wp","href":"https:\/\/api.w.org\/{rel}","templated":true}]}}